{"id":2653,"date":"2026-01-22T16:11:25","date_gmt":"2026-01-22T12:11:25","guid":{"rendered":"https:\/\/paisley.az\/home-2\/"},"modified":"2026-02-21T17:30:41","modified_gmt":"2026-02-21T13:30:41","slug":"home-2","status":"publish","type":"page","link":"https:\/\/paisley.az\/en\/","title":{"rendered":""},"content":{"rendered":"<div class=\"superbthemes-navigation-004 wp-block-group alignfull is-layout-flow wp-block-group-is-layout-flow\" style=\"margin-top:0;margin-bottom:0;padding-top:0;padding-bottom:0\">\n<div class=\"wp-block-cover wp-duotone-unset-2\" style=\"margin-top:0;margin-bottom:0;padding-top:var(--wp--preset--spacing--30);padding-right:0;padding-bottom:var(--wp--preset--spacing--30);padding-left:0;min-height:598px;aspect-ratio:unset;\"><img data-recalc-dims=\"1\" loading=\"lazy\" decoding=\"async\" width=\"1024\" height=\"768\" class=\"wp-block-cover__image-background wp-image-2676 size-full\" alt=\"\" src=\"https:\/\/i0.wp.com\/paisley.az\/wp-content\/uploads\/2026\/01\/i-need-a-large-photo-it-needs-to-reflect-a.png?resize=1024%2C768&#038;ssl=1\" style=\"object-position:51% 40%\" data-object-fit=\"cover\" data-object-position=\"51% 40%\" srcset=\"https:\/\/i0.wp.com\/paisley.az\/wp-content\/uploads\/2026\/01\/i-need-a-large-photo-it-needs-to-reflect-a.png?w=1024&amp;ssl=1 1024w, https:\/\/i0.wp.com\/paisley.az\/wp-content\/uploads\/2026\/01\/i-need-a-large-photo-it-needs-to-reflect-a.png?resize=300%2C225&amp;ssl=1 300w, https:\/\/i0.wp.com\/paisley.az\/wp-content\/uploads\/2026\/01\/i-need-a-large-photo-it-needs-to-reflect-a.png?resize=768%2C576&amp;ssl=1 768w\" sizes=\"auto, (max-width: 1000px) 100vw, 1000px\" \/><span aria-hidden=\"true\" class=\"wp-block-cover__background has-background-dim\" style=\"background-color:#6c5247\"><\/span><div class=\"wp-block-cover__inner-container is-layout-flow wp-container-core-cover-is-layout-4800c83b wp-block-cover-is-layout-flow\">\n<div class=\"wp-block-group alignwide has-global-padding is-layout-constrained wp-container-core-group-is-layout-5e89162f wp-block-group-is-layout-constrained\" style=\"padding-top:var(--wp--preset--spacing--superbspacing-small);padding-right:var(--wp--preset--spacing--superbspacing-medium);padding-bottom:var(--wp--preset--spacing--superbspacing-medium);padding-left:var(--wp--preset--spacing--superbspacing-medium)\">\n<h1 class=\"wp-block-heading alignwide has-text-align-center has-contrast-light-color has-text-color has-superbfont-xxlarge-font-size\" style=\"padding-right:var(--wp--preset--spacing--superbspacing-small);padding-bottom:var(--wp--preset--spacing--superbspacing-xxsmall);padding-left:var(--wp--preset--spacing--superbspacing-small);font-style:normal;font-weight:700\">Creating unforgettable experiences.<\/h1>\n\n\n\n<p class=\"has-text-align-center has-contrast-light-color has-text-color has-link-color wp-elements-beeb119843aa0c47d4a6b8c3a469e919\"><mark style=\"background-color:rgba(0, 0, 0, 0)\" class=\"has-inline-color has-background-color\">We organize a wide range of business and cultural events, from concept to final execution.<\/mark>.<\/p>\n\n\n\n<div class=\"wp-block-buttons is-content-justification-center is-layout-flex wp-container-core-buttons-is-layout-a89b3969 wp-block-buttons-is-layout-flex\">\n<div class=\"is-style-outline wp-block-button is-style-outline--1\"><a class=\"wp-block-button__link has-base-color has-text-color has-superbfont-small-font-size has-text-align-center has-custom-font-size wp-element-button\" href=\"https:\/\/paisley.az\/en\/services\/\" style=\"border-width:2px;border-radius:0px\" rel=\"nofollow\">Read more<\/a><\/div>\n<\/div>\n<\/div>\n<\/div><\/div>\n<\/div>\n\n\n\n<div class=\"wp-block-group alignfull has-global-padding is-layout-constrained wp-container-core-group-is-layout-4291f1bb wp-block-group-is-layout-constrained\" style=\"margin-top:0;margin-bottom:0;padding-top:var(--wp--preset--spacing--30);padding-right:var(--wp--preset--spacing--superbspacing-small);padding-bottom:var(--wp--preset--spacing--30);padding-left:var(--wp--preset--spacing--superbspacing-small)\">\n<div class=\"wp-block-columns alignfull are-vertically-aligned-top is-layout-flex wp-container-core-columns-is-layout-28f84493 wp-block-columns-is-layout-flex\">\n<div class=\"wp-block-column is-vertically-aligned-top has-xx-large-font-size is-layout-flow wp-block-column-is-layout-flow\" style=\"flex-basis:100%\">\n<h2 class=\"wp-block-heading has-text-align-center has-secondary-color has-text-color has-large-font-size\">Customer satisfaction comes first for us.<\/h2>\n<\/div>\n<\/div>\n\n\n\n<div class=\"wp-block-columns alignwide is-layout-flex wp-container-core-columns-is-layout-f9d87e41 wp-block-columns-is-layout-flex\">\n<div class=\"wp-block-column is-vertically-aligned-center is-layout-flow wp-container-core-column-is-layout-db2cb278 wp-block-column-is-layout-flow\">\n<figure class=\"wp-block-image aligncenter size-full has-custom-border\"><img loading=\"lazy\" decoding=\"async\" width=\"555\" height=\"640\" src=\"https:\/\/i0.wp.com\/paisley.az\/wp-content\/uploads\/2026\/01\/group-business-colleagues-looking-young-businesswoman-giving-presentation-2-1.jpg?fit=555%2C640&amp;ssl=1\" alt=\"\" class=\"wp-image-2678\" style=\"border-radius:8px;aspect-ratio:3\/4;object-fit:cover\" srcset=\"https:\/\/i0.wp.com\/paisley.az\/wp-content\/uploads\/2026\/01\/group-business-colleagues-looking-young-businesswoman-giving-presentation-2-1.jpg?w=555&amp;ssl=1 555w, https:\/\/i0.wp.com\/paisley.az\/wp-content\/uploads\/2026\/01\/group-business-colleagues-looking-young-businesswoman-giving-presentation-2-1.jpg?resize=260%2C300&amp;ssl=1 260w\" sizes=\"auto, (max-width: 555px) 100vw, 555px\" \/><\/figure>\n\n\n\n<div class=\"wp-block-group has-global-padding is-layout-constrained wp-container-core-group-is-layout-d598ad9d wp-block-group-is-layout-constrained\">\n<h3 class=\"wp-block-heading has-text-align-left has-contrast-color has-text-color has-alegreya-font-family has-superbfont-medium-font-size\"><strong>Experience<\/strong><\/h3>\n\n\n\n<p class=\"has-text-align-left has-secondary-color has-text-color has-superbfont-xsmall-font-size\">With more than a decade of experience, our team excels at managing high-level events.<\/p>\n\n\n\n<p class=\"has-text-align-left has-secondary-color has-text-color has-superbfont-xsmall-font-size\"><\/p>\n<\/div>\n<\/div>\n\n\n\n<div class=\"wp-block-column is-vertically-aligned-center is-layout-flow wp-container-core-column-is-layout-db2cb278 wp-block-column-is-layout-flow\">\n<figure class=\"wp-block-image aligncenter size-full has-custom-border\"><img loading=\"lazy\" decoding=\"async\" width=\"1920\" height=\"2560\" src=\"https:\/\/i0.wp.com\/paisley.az\/wp-content\/uploads\/2026\/02\/WhatsApp-Image-2026-02-21-at-17.23.14-scaled.jpeg?fit=1920%2C2560&amp;ssl=1\" alt=\"\" class=\"wp-image-3001\" style=\"border-radius:8px;aspect-ratio:3\/4;object-fit:cover\" srcset=\"https:\/\/i0.wp.com\/paisley.az\/wp-content\/uploads\/2026\/02\/WhatsApp-Image-2026-02-21-at-17.23.14-scaled.jpeg?w=1920&amp;ssl=1 1920w, https:\/\/i0.wp.com\/paisley.az\/wp-content\/uploads\/2026\/02\/WhatsApp-Image-2026-02-21-at-17.23.14-scaled.jpeg?resize=225%2C300&amp;ssl=1 225w, https:\/\/i0.wp.com\/paisley.az\/wp-content\/uploads\/2026\/02\/WhatsApp-Image-2026-02-21-at-17.23.14-scaled.jpeg?resize=768%2C1024&amp;ssl=1 768w, https:\/\/i0.wp.com\/paisley.az\/wp-content\/uploads\/2026\/02\/WhatsApp-Image-2026-02-21-at-17.23.14-scaled.jpeg?resize=1152%2C1536&amp;ssl=1 1152w, https:\/\/i0.wp.com\/paisley.az\/wp-content\/uploads\/2026\/02\/WhatsApp-Image-2026-02-21-at-17.23.14-scaled.jpeg?resize=1536%2C2048&amp;ssl=1 1536w, https:\/\/i0.wp.com\/paisley.az\/wp-content\/uploads\/2026\/02\/WhatsApp-Image-2026-02-21-at-17.23.14-scaled.jpeg?resize=9%2C12&amp;ssl=1 9w\" sizes=\"auto, (max-width: 1000px) 100vw, 1000px\" \/><\/figure>\n\n\n\n<div class=\"wp-block-group has-global-padding is-layout-constrained wp-container-core-group-is-layout-d598ad9d wp-block-group-is-layout-constrained\">\n<h3 class=\"wp-block-heading has-text-align-left has-contrast-color has-text-color has-alegreya-font-family has-superbfont-medium-font-size\"><strong>Tailor-made solutions<\/strong><\/h3>\n\n\n\n<p class=\"has-text-align-left has-secondary-color has-text-color has-superbfont-xsmall-font-size\">Each event is customized to align with your company\u2019s goals, guidelines, and audience.<\/p>\n\n\n\n<p class=\"has-text-align-left has-secondary-color has-text-color has-superbfont-xsmall-font-size\"><\/p>\n<\/div>\n<\/div>\n\n\n\n<div class=\"wp-block-column is-vertically-aligned-center is-layout-flow wp-container-core-column-is-layout-db2cb278 wp-block-column-is-layout-flow\">\n<figure class=\"wp-block-image aligncenter size-full has-custom-border\"><img data-recalc-dims=\"1\" loading=\"lazy\" decoding=\"async\" width=\"555\" height=\"640\" src=\"https:\/\/i0.wp.com\/paisley.az\/wp-content\/uploads\/2026\/01\/pexels-photo-8728388-e1769087151766.jpeg?resize=555%2C640&#038;ssl=1\" alt=\"a woman wearing a virtual reality goggles\" class=\"wp-image-2679\" style=\"border-radius:8px;aspect-ratio:3\/4;object-fit:cover\" srcset=\"https:\/\/i0.wp.com\/paisley.az\/wp-content\/uploads\/2026\/01\/pexels-photo-8728388-e1769087151766.jpeg?w=555&amp;ssl=1 555w, https:\/\/i0.wp.com\/paisley.az\/wp-content\/uploads\/2026\/01\/pexels-photo-8728388-e1769087151766.jpeg?resize=260%2C300&amp;ssl=1 260w\" sizes=\"auto, (max-width: 555px) 100vw, 555px\" \/><\/figure>\n\n\n\n<div class=\"wp-block-group has-global-padding is-layout-constrained wp-container-core-group-is-layout-d598ad9d wp-block-group-is-layout-constrained\">\n<h3 class=\"wp-block-heading has-text-align-left has-contrast-color has-text-color has-alegreya-font-family has-superbfont-medium-font-size\"><strong>Leading with Innovation<\/strong><\/h3>\n\n\n\n<p class=\"has-text-align-left has-secondary-color has-text-color has-superbfont-xsmall-font-size\">We stay ahead of trends, offering fresh and creative concepts that make every event stand out.<\/p>\n\n\n\n<p class=\"has-text-align-left has-secondary-color has-text-color has-superbfont-xsmall-font-size\"><\/p>\n<\/div>\n<\/div>\n\n\n\n<div class=\"wp-block-column is-vertically-aligned-center is-layout-flow wp-container-core-column-is-layout-db2cb278 wp-block-column-is-layout-flow\">\n<figure class=\"wp-block-image aligncenter size-full has-custom-border\"><img data-recalc-dims=\"1\" loading=\"lazy\" decoding=\"async\" width=\"555\" height=\"640\" src=\"https:\/\/i0.wp.com\/paisley.az\/wp-content\/uploads\/2026\/01\/document-agreement-documents-sign-48148-e1769087504632.jpeg?resize=555%2C640&#038;ssl=1\" alt=\"person signing in documentation paper\" class=\"wp-image-2681\" style=\"border-radius:8px;aspect-ratio:3\/4;object-fit:cover\" srcset=\"https:\/\/i0.wp.com\/paisley.az\/wp-content\/uploads\/2026\/01\/document-agreement-documents-sign-48148-e1769087504632.jpeg?w=555&amp;ssl=1 555w, https:\/\/i0.wp.com\/paisley.az\/wp-content\/uploads\/2026\/01\/document-agreement-documents-sign-48148-e1769087504632.jpeg?resize=260%2C300&amp;ssl=1 260w\" sizes=\"auto, (max-width: 555px) 100vw, 555px\" \/><\/figure>\n\n\n\n<div class=\"wp-block-group has-global-padding is-layout-constrained wp-container-core-group-is-layout-d598ad9d wp-block-group-is-layout-constrained\">\n<h3 class=\"wp-block-heading has-text-align-left has-contrast-color has-text-color has-alegreya-font-family has-superbfont-medium-font-size\"><strong>Assured Quality<\/strong><\/h3>\n\n\n\n<p class=\"has-text-align-left has-secondary-color has-text-color has-superbfont-xsmall-font-size\">Every detail is carefully planned and executed to guarantee perfect outcomes.<\/p>\n\n\n\n<p class=\"has-text-align-left has-secondary-color has-text-color has-superbfont-xsmall-font-size\"><\/p>\n<\/div>\n<\/div>\n<\/div>\n<\/div>\n\n\n\n<div class=\"nfd-container nfd-p-lg nfd-wb-call-to-action__cta-6 is-style-nfd-waves-top-right wp-block-group nfd-bg-effect-grid-3 is-nowrap is-layout-flex wp-container-core-group-is-layout-2b8cdec7 wp-block-group-is-layout-flex\" style=\"margin-top:var(--wp--preset--spacing--20);margin-bottom:var(--wp--preset--spacing--20);padding-top:var(--wp--preset--spacing--30);padding-right:var(--wp--preset--spacing--20);padding-bottom:var(--wp--preset--spacing--30);padding-left:var(--wp--preset--spacing--20)\">\n<div class=\"nfd-gap-xl wp-block-group is-content-justification-right is-nowrap is-layout-flex wp-container-core-group-is-layout-17124a9a wp-block-group-is-layout-flex\">\n<div class=\"nfd-gap-lg wp-block-group is-vertical is-layout-flex wp-container-core-group-is-layout-fe9cc265 wp-block-group-is-layout-flex\">\n<h2 class=\"nfd-text-huge nfd-text-contrast nfd-text-balance wp-block-heading has-large-font-size\">Plan your events with us.<\/h2>\n\n\n\n<p class=\"nfd-text-faded nfd-text-md nfd-text-balance has-foreground-color has-text-color has-link-color has-medium-font-size wp-elements-4fac5357075463c6c94f9ca014c6e628\">For more information and a proposal, feel free to contact us.<\/p>\n<\/div>\n\n\n\n<div class=\"md:nfd-items-start nfd-gap-md wp-block-group is-vertical is-content-justification-center is-layout-flex wp-container-core-group-is-layout-ce155fab wp-block-group-is-layout-flex\">\n<div class=\"nfd-text-md wp-block-buttons is-content-justification-left is-layout-flex wp-container-core-buttons-is-layout-fc4fd283 wp-block-buttons-is-layout-flex\">\n<div class=\"nfd-btn-xl  wp-block-button\"><a class=\"wp-block-button__link wp-element-button\" href=\"https:\/\/paisley.az\/en\/contact\/\">Get in Touch<\/a><\/div>\n<\/div>\n\n\n\n<div class=\"nfd-text-xs nfd-text-faded wp-block-group is-nowrap is-layout-flex wp-container-core-group-is-layout-6c531013 wp-block-group-is-layout-flex\">\n<div class=\"wp-block-buttons is-layout-flex wp-block-buttons-is-layout-flex\"><\/div>\n<\/div>\n<\/div>\n<\/div>\n<\/div>\n\n\n\n<p class=\"\"><\/p>","protected":false},"excerpt":{"rendered":"<p>Bizim \u00fc\u00e7\u00fcn m\u00fc\u015ft\u0259ri m\u0259mnuniyy\u0259ti h\u0259r \u015feyd\u0259n \u00f6nc\u0259 g\u0259lir. T\u0259cr\u00fcb\u0259 Bizim komandam\u0131z y\u00fcks\u0259k s\u0259viyy\u0259li t\u0259dbirl\u0259rin idar\u0259 edilm\u0259sind\u0259 10 ild\u0259n art\u0131q t\u0259cr\u00fcb\u0259y\u0259 malikdir. F\u0259rdi h\u0259ll\u0259r Biz h\u0259r bir t\u0259dbiri \u015firk\u0259tinizin qaydalar\u0131na, m\u0259qs\u0259dl\u0259rin\u0259 v\u0259 h\u0259d\u0259f auditoriyan\u0131s\u0131na uy\u011funla\u015fd\u0131r\u0131r\u0131q. \u0130nnovativ yana\u015fma Biz tendensiyalar\u0131 qabaqlayaraq h\u0259r bir hadis\u0259ni f\u0259rql\u0259ndir\u0259n yeni v\u0259 yarad\u0131c\u0131 konsepsiyalar t\u0259klif edirik. Z\u0259man\u0259t Biz h\u0259r bir detal\u0131 d\u0259qiqlikl\u0259 [&hellip;]<\/p>\n","protected":false},"author":1,"featured_media":0,"parent":0,"menu_order":0,"comment_status":"closed","ping_status":"closed","template":"superbaddons-page-template","meta":{"nf_dc_page":"","footnotes":""},"class_list":["post-2653","page","type-page","status-publish","hentry"],"jetpack_sharing_enabled":true,"_links":{"self":[{"href":"https:\/\/paisley.az\/en\/wp-json\/wp\/v2\/pages\/2653","targetHints":{"allow":["GET"]}}],"collection":[{"href":"https:\/\/paisley.az\/en\/wp-json\/wp\/v2\/pages"}],"about":[{"href":"https:\/\/paisley.az\/en\/wp-json\/wp\/v2\/types\/page"}],"author":[{"embeddable":true,"href":"https:\/\/paisley.az\/en\/wp-json\/wp\/v2\/users\/1"}],"replies":[{"embeddable":true,"href":"https:\/\/paisley.az\/en\/wp-json\/wp\/v2\/comments?post=2653"}],"version-history":[{"count":20,"href":"https:\/\/paisley.az\/en\/wp-json\/wp\/v2\/pages\/2653\/revisions"}],"predecessor-version":[{"id":3004,"href":"https:\/\/paisley.az\/en\/wp-json\/wp\/v2\/pages\/2653\/revisions\/3004"}],"wp:attachment":[{"href":"https:\/\/paisley.az\/en\/wp-json\/wp\/v2\/media?parent=2653"}],"curies":[{"name":"wp","href":"https:\/\/api.w.org\/{rel}","templated":true}]}}