{"id":2654,"date":"2026-01-22T16:11:26","date_gmt":"2026-01-22T12:11:26","guid":{"rendered":"https:\/\/paisley.az\/haqqimizda\/"},"modified":"2026-02-11T15:50:14","modified_gmt":"2026-02-11T11:50:14","slug":"about","status":"publish","type":"page","link":"https:\/\/paisley.az\/en\/about\/","title":{"rendered":"About us"},"content":{"rendered":"<div class=\"wp-block-group has-mono-1-background-color has-background is-layout-flow wp-container-core-group-is-layout-ce397403 wp-block-group-is-layout-flow\" style=\"margin-top:0;margin-bottom:0;padding-top:0;padding-right:0;padding-bottom:0;padding-left:0\">\n<div class=\"wp-block-cover\" style=\"padding-top:var(--wp--preset--spacing--superbspacing-xlarge);padding-right:0;padding-bottom:var(--wp--preset--spacing--superbspacing-xlarge);padding-left:0;min-height:50px;aspect-ratio:unset;\"><img data-recalc-dims=\"1\" loading=\"lazy\" decoding=\"async\" width=\"2560\" height=\"1463\" class=\"wp-block-cover__image-background wp-image-2764 size-full\" alt=\"\" src=\"https:\/\/i0.wp.com\/paisley.az\/wp-content\/uploads\/2026\/01\/vecteezy_microphone-over-the-abstract-blurred-photo-of-conference_22460914-scaled.jpg?resize=2560%2C1463&#038;ssl=1\" style=\"object-position:58% 57%\" data-object-fit=\"cover\" data-object-position=\"58% 57%\" srcset=\"https:\/\/i0.wp.com\/paisley.az\/wp-content\/uploads\/2026\/01\/vecteezy_microphone-over-the-abstract-blurred-photo-of-conference_22460914-scaled.jpg?w=2560&amp;ssl=1 2560w, https:\/\/i0.wp.com\/paisley.az\/wp-content\/uploads\/2026\/01\/vecteezy_microphone-over-the-abstract-blurred-photo-of-conference_22460914-scaled.jpg?resize=300%2C171&amp;ssl=1 300w, https:\/\/i0.wp.com\/paisley.az\/wp-content\/uploads\/2026\/01\/vecteezy_microphone-over-the-abstract-blurred-photo-of-conference_22460914-scaled.jpg?resize=1024%2C585&amp;ssl=1 1024w, https:\/\/i0.wp.com\/paisley.az\/wp-content\/uploads\/2026\/01\/vecteezy_microphone-over-the-abstract-blurred-photo-of-conference_22460914-scaled.jpg?resize=768%2C439&amp;ssl=1 768w, https:\/\/i0.wp.com\/paisley.az\/wp-content\/uploads\/2026\/01\/vecteezy_microphone-over-the-abstract-blurred-photo-of-conference_22460914-scaled.jpg?resize=1536%2C878&amp;ssl=1 1536w, https:\/\/i0.wp.com\/paisley.az\/wp-content\/uploads\/2026\/01\/vecteezy_microphone-over-the-abstract-blurred-photo-of-conference_22460914-scaled.jpg?resize=2048%2C1170&amp;ssl=1 2048w\" sizes=\"auto, (max-width: 1000px) 100vw, 1000px\" \/><span aria-hidden=\"true\" class=\"wp-block-cover__background has-background-dim-40 has-background-dim\" style=\"background-color:#606363\"><\/span><div class=\"wp-block-cover__inner-container is-layout-flow wp-block-cover-is-layout-flow\">\n<div class=\"wp-block-group has-global-padding is-layout-constrained wp-container-core-group-is-layout-27ec71c5 wp-block-group-is-layout-constrained\" style=\"padding-top:0;padding-right:var(--wp--preset--spacing--superbspacing-small);padding-bottom:0;padding-left:var(--wp--preset--spacing--superbspacing-small)\">\n<div class=\"wp-block-group has-global-padding is-content-justification-center is-layout-constrained wp-container-core-group-is-layout-32b5ec3b wp-block-group-is-layout-constrained\" style=\"margin-top:0;margin-bottom:0\">\n<h1 class=\"wp-block-heading has-text-align-center has-background-color has-text-color has-superbfont-xxlarge-font-size\" style=\"font-style:normal;font-weight:400\">Excellence in Events<\/h1>\n\n\n\n<p class=\"has-text-align-center has-background-color has-text-color has-superbfont-small-font-size\" style=\"margin-bottom:var(--wp--preset--spacing--superbspacing-small)\">Your trusted partner for high-level business and corporate events<\/p>\n\n\n\n<div class=\"wp-block-buttons is-content-justification-center is-layout-flex wp-container-core-buttons-is-layout-a89b3969 wp-block-buttons-is-layout-flex\"><\/div>\n<\/div>\n<\/div>\n<\/div><\/div>\n<\/div>\n\n\n\n<div class=\"wp-block-group alignfull has-mono-4-background-color has-background has-global-padding is-layout-constrained wp-container-core-group-is-layout-129f6e7c wp-block-group-is-layout-constrained\" style=\"margin-top:0;margin-bottom:0;padding-top:var(--wp--preset--spacing--superbspacing-large);padding-right:var(--wp--preset--spacing--superbspacing-small);padding-bottom:var(--wp--preset--spacing--superbspacing-large);padding-left:var(--wp--preset--spacing--superbspacing-small)\">\n<div class=\"wp-block-columns alignwide is-layout-flex wp-container-core-columns-is-layout-25593187 wp-block-columns-is-layout-flex\">\n<div class=\"wp-block-column is-vertically-aligned-center is-layout-flow wp-container-core-column-is-layout-a1628350 wp-block-column-is-layout-flow\" style=\"padding-top:0;padding-right:0;padding-bottom:0;padding-left:0\">\n<div class=\"wp-block-group is-layout-flow wp-container-core-group-is-layout-ff697075 wp-block-group-is-layout-flow\">\n<h3 class=\"wp-block-heading has-text-align-left has-secondary-color has-text-color has-link-color has-superbfont-xlarge-font-size wp-elements-3e2c90528eea836147199cd6b13194aa\" style=\"line-height:1.2\">Who are we?<\/h3>\n<\/div>\n\n\n\n<p class=\"\"><\/p>\n\n\n\n<div class=\"wp-block-group is-layout-flow wp-container-core-group-is-layout-ff697075 wp-block-group-is-layout-flow\">\n<p class=\"has-foreground-color has-text-color has-link-color wp-elements-894d885aac56da3021c42f59a3d21c47\">\u201cPaisley\u201d is a leading event management company specializing in high-level business and corporate events, conferences, seminars, and team-building activities.<\/p>\n\n\n\n<p class=\"has-foreground-color has-text-color has-link-color wp-elements-a8dbf6bf2964fdbdd60c362edea7f92b\">Since day one, we have built a trusted reputation for flawlessly executing events by paying close attention to every detail and creating unique, memorable experiences that align with our clients\u2019 business objectives.<\/p>\n\n\n\n<p class=\"has-foreground-color has-text-color has-link-color wp-elements-44ec0355c86bc3593a69bda9f12fd910\">We manage every stage of an event\u2014including logistics and venue selection, guest services, catering, technical support, stage design, entertainment programs, and overall coordination\u2014offering a comprehensive, end-to-end solution.<\/p>\n\n\n\n<p class=\"has-foreground-color has-text-color has-link-color wp-elements-3c6f6071465fd7f771b54cb82ee3513f\">Our company serves a wide range of industries, including finance, healthcare, education, government, and the corporate sector. Our team of experienced organizers, coordinators, and creative specialists tailors every event to meet our clients\u2019 specific requirements and strategic goals.<\/p>\n\n\n\n<p class=\"has-foreground-color has-text-color has-link-color wp-elements-02126fd5492366ee7876625215f140be\">By partnering with us, you can be confident that every detail of your event will be professionally planned and executed, delivering memorable experiences that bring real value to your business objectives.<\/p>\n\n\n\n<p class=\"has-foreground-color has-text-color has-link-color wp-elements-ba1238313e84d32e61af7a13624464d4\"><\/p>\n\n\n\n<p class=\"has-foreground-color has-text-color has-link-color wp-elements-ba1238313e84d32e61af7a13624464d4\"><\/p>\n\n\n\n<p class=\"has-foreground-color has-text-color has-link-color wp-elements-ba1238313e84d32e61af7a13624464d4\"><\/p>\n\n\n\n<p class=\"has-foreground-color has-text-color has-link-color wp-elements-ba1238313e84d32e61af7a13624464d4\"><\/p>\n\n\n\n<p class=\"has-mono-2-color has-text-color has-link-color wp-elements-15f3e95adc23ee5dccc6732dd2e24750\"><\/p>\n<\/div>\n\n\n\n<div class=\"wp-block-buttons is-layout-flex wp-container-core-buttons-is-layout-69f3c5ca wp-block-buttons-is-layout-flex\">\n<div class=\"is-style-outline wp-block-button has-custom-width wp-block-button__width-100 is-style-outline--1\"><a class=\"wp-block-button__link has-superbfont-small-font-size has-custom-font-size wp-element-button\" style=\"padding-top:var(--wp--preset--spacing--superbspacing-xsmall);padding-right:var(--wp--preset--spacing--superbspacing-xsmall);padding-bottom:var(--wp--preset--spacing--superbspacing-xsmall);padding-left:var(--wp--preset--spacing--superbspacing-xsmall)\">+994505456396<\/a><\/div>\n\n\n\n<div class=\"wp-block-button has-custom-width wp-block-button__width-100\"><a class=\"wp-block-button__link has-superbfont-small-font-size has-custom-font-size wp-element-button\" href=\"https:\/\/paisley.az\/en\/contact\/\" style=\"padding-top:var(--wp--preset--spacing--superbspacing-xsmall);padding-right:var(--wp--preset--spacing--superbspacing-xsmall);padding-bottom:var(--wp--preset--spacing--superbspacing-xsmall);padding-left:var(--wp--preset--spacing--superbspacing-xsmall)\">Write us<\/a><\/div>\n<\/div>\n<\/div>\n\n\n\n<div class=\"wp-block-column is-vertically-aligned-center is-layout-flow wp-container-core-column-is-layout-40a2a7e8 wp-block-column-is-layout-flow\" style=\"padding-right:0;padding-bottom:0;padding-left:0\">\n<figure class=\"is-style-default wp-block-image size-full is-resized has-custom-border\" style=\"margin-top:0;margin-bottom:0\"><img data-recalc-dims=\"1\" loading=\"lazy\" decoding=\"async\" width=\"1200\" height=\"1600\" src=\"https:\/\/i0.wp.com\/paisley.az\/wp-content\/uploads\/2026\/02\/WhatsApp-Image-2026-02-04-at-16.46.56.jpeg?resize=1200%2C1600&#038;ssl=1\" alt=\"\" class=\"wp-image-2823\" style=\"border-style:none;border-width:0px;border-top-left-radius:13px;border-top-right-radius:13px;border-bottom-left-radius:13px;border-bottom-right-radius:13px;object-fit:cover;width:570px;height:700px\" srcset=\"https:\/\/i0.wp.com\/paisley.az\/wp-content\/uploads\/2026\/02\/WhatsApp-Image-2026-02-04-at-16.46.56.jpeg?w=1200&amp;ssl=1 1200w, https:\/\/i0.wp.com\/paisley.az\/wp-content\/uploads\/2026\/02\/WhatsApp-Image-2026-02-04-at-16.46.56.jpeg?resize=225%2C300&amp;ssl=1 225w, https:\/\/i0.wp.com\/paisley.az\/wp-content\/uploads\/2026\/02\/WhatsApp-Image-2026-02-04-at-16.46.56.jpeg?resize=768%2C1024&amp;ssl=1 768w, https:\/\/i0.wp.com\/paisley.az\/wp-content\/uploads\/2026\/02\/WhatsApp-Image-2026-02-04-at-16.46.56.jpeg?resize=1152%2C1536&amp;ssl=1 1152w, https:\/\/i0.wp.com\/paisley.az\/wp-content\/uploads\/2026\/02\/WhatsApp-Image-2026-02-04-at-16.46.56.jpeg?resize=9%2C12&amp;ssl=1 9w\" sizes=\"auto, (max-width: 1000px) 100vw, 1000px\" \/><\/figure>\n<\/div>\n<\/div>\n<\/div>\n\n\n\n<div class=\"nfd-container nfd-p-lg nfd-wb-faq__faq-2 is-style-default wp-block-group has-global-padding is-layout-constrained wp-block-group-is-layout-constrained\">\n<div class=\"nfd-gap-xl nfd-gap-y-2xl wp-block-columns is-layout-flex wp-container-core-columns-is-layout-28f84493 wp-block-columns-is-layout-flex\">\n<div class=\"wp-block-column is-layout-flow wp-block-column-is-layout-flow\" style=\"flex-basis:45%\">\n<h2 class=\"wp-block-heading nfd-text-huge nfd-text-balance has-text-color has-link-color has-x-large-font-size wp-elements-6d5aa8372e0375a7c7eaedd48ff20ac5\" style=\"color:#122d4f\"><strong>Who We Work With?<\/strong><\/h2>\n<\/div>\n\n\n\n<div class=\"wp-block-column is-layout-flow wp-block-column-is-layout-flow\" style=\"flex-basis:66.66%\">\n<div class=\"nfd-grid nfd-grid-cols-2 wp-block-group is-nowrap is-layout-flex wp-container-core-group-is-layout-768fc57f wp-block-group-is-layout-flex\">\n<div class=\"nfd-gap-y-xl wp-block-group is-vertical is-layout-flex wp-container-core-group-is-layout-fe9cc265 wp-block-group-is-layout-flex\">\n<div class=\"nfd-gap-sm wp-block-group is-vertical is-layout-flex wp-container-core-group-is-layout-fe9cc265 wp-block-group-is-layout-flex\">\n<h3 class=\"wp-block-heading nfd-text-md nfd-text-primary has-foreground-color has-text-color has-link-color wp-elements-57a07931c61d340ff209c8bf0ef6f2cd\" style=\"font-style:normal;font-weight:500\"><strong>Corporate Events <\/strong><\/h3>\n\n\n\n<p class=\"nfd-text-faded nfd-text-base has-foreground-color has-text-color has-link-color wp-elements-4dcef6137d6a9dea7b69431e8a4bb4b2\">We plan your internal and external corporate events in alignment with your brand values and business objectives. \nProfessional execution of presentations, meetings, and team-building.<\/p>\n\n\n\n<p class=\"nfd-text-faded nfd-text-base\"><\/p>\n<\/div>\n\n\n\n<div class=\"nfd-gap-sm wp-block-group is-vertical is-layout-flex wp-container-core-group-is-layout-fe9cc265 wp-block-group-is-layout-flex\">\n<h3 class=\"wp-block-heading nfd-text-md nfd-text-primary has-foreground-color has-text-color has-link-color wp-elements-ea182db6e7976f34c1ade968d45cb013\" style=\"font-style:normal;font-weight:500\"><strong>Government and Official Events <\/strong><\/h3>\n\n\n\n<p class=\"nfd-text-faded nfd-text-base has-foreground-color has-text-color has-link-color wp-elements-4e042a949ca00830fc0b5a16723dfce8\">We organize high-level government events fully compliant with official protocols and etiquette. Our experience covers every detail, from receiving official guests to complete event coordination.<\/p>\n\n\n\n<p class=\"nfd-text-faded nfd-text-base\"><\/p>\n<\/div>\n<\/div>\n\n\n\n<div class=\"nfd-gap-y-xl wp-block-group is-vertical is-layout-flex wp-container-core-group-is-layout-fe9cc265 wp-block-group-is-layout-flex\">\n<div class=\"nfd-gap-sm wp-block-group is-vertical is-layout-flex wp-container-core-group-is-layout-fe9cc265 wp-block-group-is-layout-flex\">\n<h3 class=\"wp-block-heading nfd-text-md nfd-text-primary has-foreground-color has-text-color has-link-color wp-elements-de961313bfeff5a13912f568a812eec0\" style=\"font-style:normal;font-weight:500\"><strong>International Conferences <\/strong><\/h3>\n\n\n\n<p class=\"nfd-text-faded nfd-text-base has-foreground-color has-text-color has-link-color wp-elements-f8507b68156212a5c1ad0a5ba995615d\">We professionally manage international events involving numerous participants and partners. Logistics, technical support, and coordination are handled centrally for a seamless experience.<\/p>\n\n\n\n<p class=\"nfd-text-faded nfd-text-base\"><\/p>\n<\/div>\n\n\n\n<div class=\"nfd-gap-sm wp-block-group is-vertical is-layout-flex wp-container-core-group-is-layout-fe9cc265 wp-block-group-is-layout-flex\">\n<h3 class=\"wp-block-heading nfd-text-md nfd-text-primary has-foreground-color has-text-color has-link-color wp-elements-b3b0cb1edae730b30a1ea609cccd4d46\" style=\"font-style:normal;font-weight:500\"><strong>Online and Hybrid Events<\/strong><\/h3>\n\n\n\n<p class=\"nfd-text-faded nfd-text-base has-foreground-color has-text-color has-link-color wp-elements-b5ecda73f8500aedf73bbae4cb5968be\">We provide technical and organizational solutions for events conducted on digital platforms. Online and in-person participants are ensured an equally engaging and high-quality experience.<\/p>\n<\/div>\n<\/div>\n<\/div>\n<\/div>\n<\/div>\n\n\n\n<div style=\"height:40px;width:0px\" aria-hidden=\"true\" class=\"wp-block-spacer\"><\/div>\n\n\n\n<div class=\"nfd-container wp-block-group has-global-padding is-layout-constrained wp-container-core-group-is-layout-d10a6776 wp-block-group-is-layout-constrained\">\n<div class=\"nfd-p-card-md nfd-gap-xl nfd-shadow-xs nfd-rounded is-style-nfd-dots-bottom-right wp-block-group nfd-bg-effect-dots is-content-justification-center is-nowrap is-layout-flex wp-container-core-group-is-layout-2cb30c01 wp-block-group-is-layout-flex superb-addons-hide-on-mobile superb-addons-hide-on-tablet\" style=\"border-style:none;border-width:0px;border-top-left-radius:0px;border-top-right-radius:0px;border-bottom-left-radius:0px;border-bottom-right-radius:0px;min-height:0px;margin-top:0;margin-bottom:0\">\n<div class=\"nfd-gap-md wp-block-group is-layout-flex wp-block-group-is-layout-flex\">\n<figure class=\"is-style-default wp-block-image size-large is-resized\"><img decoding=\"async\" src=\"https:\/\/images.unsplash.com\/photo-1580489944761-15a19d654956?q=80&amp;auto=format&amp;fit=crop&amp;w=120&amp;h=120&amp;crop=faces\" alt=\"\" style=\"object-fit:cover;width:60px;height:60px\"\/><\/figure>\n\n\n\n<div class=\"nfd-gap-0 wp-block-group is-vertical is-layout-flex wp-container-core-group-is-layout-fe9cc265 wp-block-group-is-layout-flex\">\n<p class=\"nfd-text-md has-medium-font-size\" style=\"font-style:normal;font-weight:600\">Want to Learn More?<\/p>\n\n\n\n<p class=\"nfd-text-base nfd-text-faded has-foreground-color has-text-color has-link-color has-small-font-size wp-elements-2a3a469be7ba3d54ae590d0a580f41df\">We would be happy to provide you with detailed information.<\/p>\n<\/div>\n<\/div>\n\n\n\n<div class=\"wp-block-buttons is-layout-flex wp-block-buttons-is-layout-flex\">\n<div class=\"nfd-btn-wide is-style-ext-preset--button--gradient-1--button-1 wp-block-button has-custom-width wp-block-button__width-100 is-style-ext-preset--button--gradient-1--button-1--2\"><a class=\"wp-block-button__link has-background wp-element-button\" style=\"background-color:#41d8ca\">office@paisley.az<\/a><\/div>\n<\/div>\n<\/div>\n<\/div>\n<\/div>","protected":false},"excerpt":{"rendered":"<p>Biz kimik? \u201cPaisley\u201d y\u00fcks\u0259k s\u0259viyy\u0259li biznes v\u0259 korporativ t\u0259dbirl\u0259rin, konfranslar\u0131n, seminarlar\u0131n v\u0259 komanda f\u0259aliyy\u0259ti (team building) t\u0259dbirl\u0259rinin planlanmas\u0131 v\u0259 icras\u0131nda ixtisasla\u015fm\u0131\u015f qabaqc\u0131l t\u0259dbir idar\u0259etm\u0259 \u015firk\u0259tidir. F\u0259aliyy\u0259t\u0259 ba\u015flad\u0131\u011f\u0131m\u0131z ilk g\u00fcnd\u0259n etibar\u0259n detallara x\u00fcsusi diqq\u0259t yetir\u0259r\u0259k v\u0259 m\u00fc\u015ft\u0259ril\u0259rimizin biznes m\u0259qs\u0259dl\u0259rin\u0259 uy\u011fun unikal v\u0259 yaddaqalan t\u0259cr\u00fcb\u0259l\u0259r yaradaraq q\u00fcsursuz t\u0259dbirl\u0259rin icras\u0131 sah\u0259sind\u0259 etibarl\u0131 n\u00fcfuz qazanm\u0131\u015f\u0131q. Biz t\u0259dbirin b\u00fct\u00fcn m\u0259rh\u0259l\u0259l\u0259rini [&hellip;]<\/p>\n","protected":false},"author":1,"featured_media":0,"parent":0,"menu_order":0,"comment_status":"closed","ping_status":"closed","template":"superbaddons-page-template","meta":{"nf_dc_page":"","footnotes":""},"class_list":["post-2654","page","type-page","status-publish","hentry"],"jetpack_sharing_enabled":true,"_links":{"self":[{"href":"https:\/\/paisley.az\/en\/wp-json\/wp\/v2\/pages\/2654","targetHints":{"allow":["GET"]}}],"collection":[{"href":"https:\/\/paisley.az\/en\/wp-json\/wp\/v2\/pages"}],"about":[{"href":"https:\/\/paisley.az\/en\/wp-json\/wp\/v2\/types\/page"}],"author":[{"embeddable":true,"href":"https:\/\/paisley.az\/en\/wp-json\/wp\/v2\/users\/1"}],"replies":[{"embeddable":true,"href":"https:\/\/paisley.az\/en\/wp-json\/wp\/v2\/comments?post=2654"}],"version-history":[{"count":21,"href":"https:\/\/paisley.az\/en\/wp-json\/wp\/v2\/pages\/2654\/revisions"}],"predecessor-version":[{"id":2987,"href":"https:\/\/paisley.az\/en\/wp-json\/wp\/v2\/pages\/2654\/revisions\/2987"}],"wp:attachment":[{"href":"https:\/\/paisley.az\/en\/wp-json\/wp\/v2\/media?parent=2654"}],"curies":[{"name":"wp","href":"https:\/\/api.w.org\/{rel}","templated":true}]}}