{"id":3,"date":"2025-01-24T12:19:07","date_gmt":"2025-01-24T12:19:07","guid":{"rendered":"http:\/\/box4303\/cgi\/addon_GT.cgi?s=GT::WP::Install::Cpanel+%28ykyjzumy%29+-+127.0.0.1+%5Bnocaller%5D\/?page_id=3"},"modified":"2025-09-11T14:45:57","modified_gmt":"2025-09-11T10:45:57","slug":"privacy-policy","status":"publish","type":"page","link":"https:\/\/paisley.az\/en\/privacy-policy\/","title":{"rendered":"Privacy Policy"},"content":{"rendered":"<h2 class=\"wp-block-heading\"><\/h2>\n\n\n\n<p class=\"\"><\/p>\n\n\n\n<p class=\"\">Bu M\u0259xfilik Siyas\u0259ti, &#8220;paisley.az&#8221; veb saytdan istifad\u0259 etdiyiniz zaman m\u0259lumatlar\u0131n\u0131z\u0131n toplanmas\u0131, istifad\u0259si v\u0259 a\u00e7\u0131qlanmas\u0131 il\u0259 ba\u011fl\u0131 siyas\u0259tl\u0259rimizi v\u0259 prosedurlar\u0131m\u0131z\u0131 t\u0259svir edir v\u0259 Siz\u0259 m\u0259xfilik huquqlar\u0131n\u0131z v\u0259 qanunun Siz\u0259 nec\u0259 qorudu\u011fu haqq\u0131nda m\u0259lumat verir.<\/p>\n\n\n\n<p class=\"\">Biz veb saytdan istifad\u0259ni t\u0259min etm\u0259k v\u0259 t\u0259kmill\u0259\u015fdirm\u0259k \u00fc\u00e7\u00fcn \u015f\u0259xsi m\u0259lumatlar\u0131n\u0131zdan istifad\u0259 edirik. Veb saytdan istifad\u0259 etm\u0259kl\u0259, Siz bu M\u0259xfilik Siyas\u0259tin\u0259 uy\u011fun olaraq m\u0259lumatlar\u0131n toplanmas\u0131 v\u0259 istifad\u0259sin\u0259 raz\u0131la\u015f\u0131rs\u0131n\u0131z.<\/p>\n\n\n\n<p class=\"\"><strong>\u015e\u0259rh v\u0259 T\u0259rifl\u0259r<\/strong><\/p>\n\n\n\n<p class=\"\"><strong>T\u0259rifl\u0259r<\/strong> Bu M\u0259xfilik Siyas\u0259tinin m\u0259qs\u0259dl\u0259ri \u00fc\u00e7\u00fcn:<\/p>\n\n\n\n<ul class=\"wp-block-list\">\n<li class=\"\"><strong>Hesab<\/strong> \u2013 &#8220;paisley.az&#8221; veb sayt\u0131na daxil olmaq \u00fc\u00e7\u00fcn yarad\u0131lan unikal hesab.<\/li>\n\n\n\n<li class=\"\"><strong>\u015eirk\u0259t<\/strong> \u2013 Paisley MMC (bundan sonra &#8220;Biz&#8221;, &#8220;Bizim&#8221; kimi istinad edilir).<\/li>\n\n\n\n<li class=\"\"><strong>\u00d6lk\u0259<\/strong> \u2013 Az\u0259rbaycan Respublikas\u0131.<\/li>\n\n\n\n<li class=\"\"><strong>Cihaz<\/strong> \u2013 Komp\u00fcter, mobil telefon, plan\u015fet v\u0259 ya veb sayta daxil ola bil\u0259n ist\u0259nil\u0259n cihaz.<\/li>\n\n\n\n<li class=\"\"><strong>\u015e\u0259xsi M\u0259lumat<\/strong> \u2013 M\u00f9\u0259yy\u0259nl\u0259\u015fdirilmi\u015f v\u0259 ya m\u00f9\u0259yy\u0259nl\u0259\u015fdiril\u0259 bil\u0259n fiziki \u015f\u0259xs\u0259 aid olan m\u0259lumatlar.<\/li>\n\n\n\n<li class=\"\"><strong>Xidm\u0259t<\/strong> \u2013 &#8220;paisley.az&#8221; veb saytd\u0131r.<\/li>\n\n\n\n<li class=\"\"><strong>Xidm\u0259t Provayderi<\/strong> \u2013 &#8220;paisley.az&#8221; ad\u0131ndan m\u0259lumat emal ed\u0259n ist\u0259nil\u0259n fiziki v\u0259 ya h\u00fcquqi \u015f\u0259xs.<\/li>\n\n\n\n<li class=\"\"><strong>Istifad\u0259 M\u0259lumatlar\u0131<\/strong> \u2013 Xidm\u0259td\u0259n istifad\u0259 prosesi n\u0259tic\u0259sind\u0259 avtomatik toplanan m\u0259lumatlar (m\u0259s., IP \u00fcnvan\u0131, brauzer n\u00f6v\u00fc, cihaz ID-si v\u0259 s.).<\/li>\n<\/ul>\n\n\n\n<p class=\"\"><strong>\u015e\u0259xsi M\u0259lumatlar\u0131n Toplanmas\u0131 v\u0259 \u0130stifad\u0259si<\/strong><\/p>\n\n\n\n<p class=\"\">Biz istifad\u0259 \u00e7\u0259r\u00e7iv\u0259sind\u0259 a\u015fa\u011f\u0131dak\u0131 t\u00fcr m\u0259lumatlar\u0131 toplaya bil\u0259rik:<\/p>\n\n\n\n<ul class=\"wp-block-list\">\n<li class=\"\">Ad, e-po\u00e7t \u00fcnvan\u0131, telefon n\u00f6mr\u0259si.<\/li>\n\n\n\n<li class=\"\">IP \u00fcnvan\u0131, cihaz m\u0259lumatlar\u0131, brauzer n\u00f6v\u00fc.<\/li>\n\n\n\n<li class=\"\">Saytda etdiyiniz \u0259m\u0259liyyatlar, ziyar\u0259t edil\u0259n s\u0259hif\u0259l\u0259r.<\/li>\n<\/ul>\n\n\n\n<p class=\"\"><strong>Kukil\u0259r v\u0259 Izl\u0259m\u0259 Texnologiyalar\u0131<\/strong><\/p>\n\n\n\n<p class=\"\">Biz veb sayt\u0131m\u0131zdak\u0131 f\u0259aliyy\u0259tinizi izl\u0259m\u0259k v\u0259 sayt\u0131m\u0131z\u0131 t\u0259kmill\u0259\u015fdirm\u0259k \u00fc\u00e7\u00fcn kukil\u0259rd\u0259n istifad\u0259 edirik. Siz brauzer ayarlar\u0131n\u0131zdan kukil\u0259ri bloklaya bil\u0259rsiniz.<\/p>\n\n\n\n<p class=\"\"><strong>M\u0259lumatlar\u0131n T\u0259hluk\u0259sizliyi<\/strong><\/p>\n\n\n\n<p class=\"\">Biz m\u0259lumatlar\u0131n\u0131z\u0131n qorunmas\u0131 \u00fc\u00e7\u00fcn laz\u0131mi t\u0259dbirl\u0259ri g\u00f6r\u00fcr\u00fck, lakin unutmay\u0131n ki, internet \u00fcz\u0259rind\u0259 he\u00e7 bir \u00f6t\u00fcrm\u0259 metodu tam t\u0259hluk\u0259siz deyil.<\/p>\n\n\n\n<p class=\"\"><strong>D\u0259yi\u015fiklikl\u0259r<\/strong><\/p>\n\n\n\n<p class=\"\">Biz bu M\u0259xfilik Siyas\u0259tini vaxta\u015f\u0131r\u0131 yenil\u0259y\u0259 bil\u0259rik. Yenil\u0259nm\u0259l\u0259r sayt\u0131m\u0131zda elan edil\u0259c\u0259kdir.<\/p>\n\n\n\n<p class=\"\"><strong>Biziml\u0259 \u018flaq\u0259 Saxlay\u0131n<\/strong><\/p>\n\n\n\n<p class=\"\">Bu M\u0259xfilik Siyas\u0259ti haqq\u0131nda suallar\u0131n\u0131z varsa, biziml\u0259 \u0259laq\u0259 saxlaya bil\u0259rsiniz.<\/p>\n\n\n\n<p class=\"\"><\/p>","protected":false},"excerpt":{"rendered":"<p>Bu M\u0259xfilik Siyas\u0259ti, &#8220;paisley.az&#8221; veb saytdan istifad\u0259 etdiyiniz zaman m\u0259lumatlar\u0131n\u0131z\u0131n toplanmas\u0131, istifad\u0259si v\u0259 a\u00e7\u0131qlanmas\u0131 il\u0259 ba\u011fl\u0131 siyas\u0259tl\u0259rimizi v\u0259 prosedurlar\u0131m\u0131z\u0131 t\u0259svir edir v\u0259 Siz\u0259 m\u0259xfilik huquqlar\u0131n\u0131z v\u0259 qanunun Siz\u0259 nec\u0259 qorudu\u011fu haqq\u0131nda m\u0259lumat verir. Biz veb saytdan istifad\u0259ni t\u0259min etm\u0259k v\u0259 t\u0259kmill\u0259\u015fdirm\u0259k \u00fc\u00e7\u00fcn \u015f\u0259xsi m\u0259lumatlar\u0131n\u0131zdan istifad\u0259 edirik. Veb saytdan istifad\u0259 etm\u0259kl\u0259, Siz bu M\u0259xfilik Siyas\u0259tin\u0259 uy\u011fun [&hellip;]<\/p>\n","protected":false},"author":1,"featured_media":0,"parent":0,"menu_order":0,"comment_status":"closed","ping_status":"open","template":"","meta":{"nf_dc_page":"","footnotes":""},"class_list":["post-3","page","type-page","status-publish","hentry"],"jetpack_sharing_enabled":true,"_links":{"self":[{"href":"https:\/\/paisley.az\/en\/wp-json\/wp\/v2\/pages\/3","targetHints":{"allow":["GET"]}}],"collection":[{"href":"https:\/\/paisley.az\/en\/wp-json\/wp\/v2\/pages"}],"about":[{"href":"https:\/\/paisley.az\/en\/wp-json\/wp\/v2\/types\/page"}],"author":[{"embeddable":true,"href":"https:\/\/paisley.az\/en\/wp-json\/wp\/v2\/users\/1"}],"replies":[{"embeddable":true,"href":"https:\/\/paisley.az\/en\/wp-json\/wp\/v2\/comments?post=3"}],"version-history":[{"count":3,"href":"https:\/\/paisley.az\/en\/wp-json\/wp\/v2\/pages\/3\/revisions"}],"predecessor-version":[{"id":306,"href":"https:\/\/paisley.az\/en\/wp-json\/wp\/v2\/pages\/3\/revisions\/306"}],"wp:attachment":[{"href":"https:\/\/paisley.az\/en\/wp-json\/wp\/v2\/media?parent=3"}],"curies":[{"name":"wp","href":"https:\/\/api.w.org\/{rel}","templated":true}]}}